{"id":8251,"date":"2022-04-05T17:34:32","date_gmt":"2022-04-05T17:34:32","guid":{"rendered":"https:\/\/orgsoln.com\/?page_id=8251"},"modified":"2023-12-20T16:02:24","modified_gmt":"2023-12-20T16:02:24","slug":"data-security","status":"publish","type":"page","link":"https:\/\/orgsoln.com\/fr\/data-security\/","title":{"rendered":"Politiques de s\u00e9curit\u00e9 des donn\u00e9es"},"content":{"rendered":"<div data-elementor-type=\"wp-page\" data-elementor-id=\"8251\" class=\"elementor elementor-8251\" data-elementor-post-type=\"page\">\n\t\t\t\t\t\t<section class=\"elementor-section elementor-top-section elementor-element elementor-element-2f8446a6 elementor-section-full_width elementor-section-height-default elementor-section-height-default\" data-id=\"2f8446a6\" data-element_type=\"section\" data-settings=\"{&quot;background_background&quot;:&quot;classic&quot;}\">\n\t\t\t\t\t\t\t<div class=\"elementor-background-overlay\"><\/div>\n\t\t\t\t\t\t\t<div class=\"elementor-container elementor-column-gap-default\">\n\t\t\t\t\t<div class=\"elementor-column elementor-col-100 elementor-top-column elementor-element elementor-element-10c818\" data-id=\"10c818\" data-element_type=\"column\">\n\t\t\t<div class=\"elementor-widget-wrap elementor-element-populated\">\n\t\t\t\t\t\t<div class=\"elementor-element elementor-element-91f9c8b elementor-widget elementor-widget-shortcode\" data-id=\"91f9c8b\" data-element_type=\"widget\" data-widget_type=\"shortcode.default\">\n\t\t\t\t<div class=\"elementor-widget-container\">\n\t\t\t\t\t<div class=\"elementor-shortcode\">[hfe_template id='7372']<\/div>\n\t\t\t\t<\/div>\n\t\t\t\t<\/div>\n\t\t\t\t<section class=\"elementor-section elementor-inner-section elementor-element elementor-element-7570cf3 elementor-section-boxed elementor-section-height-default elementor-section-height-default\" data-id=\"7570cf3\" data-element_type=\"section\" data-settings=\"{&quot;background_background&quot;:&quot;classic&quot;}\">\n\t\t\t\t\t\t\t<div class=\"elementor-background-overlay\"><\/div>\n\t\t\t\t\t\t\t<div class=\"elementor-container elementor-column-gap-default\">\n\t\t\t\t\t<div class=\"elementor-column elementor-col-50 elementor-inner-column elementor-element elementor-element-457d78e\" data-id=\"457d78e\" data-element_type=\"column\">\n\t\t\t<div class=\"elementor-widget-wrap elementor-element-populated\">\n\t\t\t\t\t\t<div class=\"elementor-element elementor-element-da4dba2 elementor-widget elementor-widget-text-editor\" data-id=\"da4dba2\" data-element_type=\"widget\" data-widget_type=\"text-editor.default\">\n\t\t\t\t<div class=\"elementor-widget-container\">\n\t\t\t\t\t\t\t<h1><span style=\"color: #ffffff;\">Politiques de s\u00e9curit\u00e9 des donn\u00e9es<\/span><\/h1><p><span style=\"color: #ffffff;\">\u00a0<\/span><\/p><p><span style=\"color: #ffffff;\">\u00a0<\/span><\/p><p><span style=\"color: #ffffff;\">\u00a0<\/span><\/p>\t\t\t\t\t\t<\/div>\n\t\t\t\t<\/div>\n\t\t\t\t\t<\/div>\n\t\t<\/div>\n\t\t\t\t<div class=\"elementor-column elementor-col-50 elementor-inner-column elementor-element elementor-element-31f0360\" data-id=\"31f0360\" data-element_type=\"column\">\n\t\t\t<div class=\"elementor-widget-wrap elementor-element-populated\">\n\t\t\t\t\t\t\t<\/div>\n\t\t<\/div>\n\t\t\t\t\t<\/div>\n\t\t<\/section>\n\t\t\t\t\t<\/div>\n\t\t<\/div>\n\t\t\t\t\t<\/div>\n\t\t<\/section>\n\t\t\t\t<section class=\"elementor-section elementor-top-section elementor-element elementor-element-d0978ec elementor-section-boxed elementor-section-height-default elementor-section-height-default\" data-id=\"d0978ec\" data-element_type=\"section\">\n\t\t\t\t\t\t\t<div class=\"elementor-background-overlay\"><\/div>\n\t\t\t\t\t\t\t<div class=\"elementor-container elementor-column-gap-default\">\n\t\t\t\t\t<div class=\"elementor-column elementor-col-100 elementor-top-column elementor-element elementor-element-796c69d\" data-id=\"796c69d\" data-element_type=\"column\">\n\t\t\t<div class=\"elementor-widget-wrap elementor-element-populated\">\n\t\t\t\t\t\t<section class=\"elementor-section elementor-inner-section elementor-element elementor-element-8c97af7 elementor-section-boxed elementor-section-height-default elementor-section-height-default\" data-id=\"8c97af7\" data-element_type=\"section\">\n\t\t\t\t\t\t<div class=\"elementor-container elementor-column-gap-default\">\n\t\t\t\t\t<div class=\"elementor-column elementor-col-50 elementor-inner-column elementor-element elementor-element-80d4a7d\" data-id=\"80d4a7d\" data-element_type=\"column\">\n\t\t\t<div class=\"elementor-widget-wrap elementor-element-populated\">\n\t\t\t\t\t\t<div class=\"elementor-element elementor-element-3eaa178 elementor-widget elementor-widget-image\" data-id=\"3eaa178\" data-element_type=\"widget\" data-widget_type=\"image.default\">\n\t\t\t\t<div class=\"elementor-widget-container\">\n\t\t\t\t\t\t\t\t\t\t\t\t\t<img fetchpriority=\"high\" decoding=\"async\" width=\"861\" height=\"1024\" src=\"https:\/\/orgsoln.com\/wp-content\/uploads\/2022\/04\/226-NXPowerLite-Copy-1-861x1024.jpg\" class=\"attachment-large size-large wp-image-8254\" alt=\"\" srcset=\"https:\/\/orgsoln.com\/wp-content\/uploads\/2022\/04\/226-NXPowerLite-Copy-1-861x1024.jpg 861w, https:\/\/orgsoln.com\/wp-content\/uploads\/2022\/04\/226-NXPowerLite-Copy-1-252x300.jpg 252w, https:\/\/orgsoln.com\/wp-content\/uploads\/2022\/04\/226-NXPowerLite-Copy-1-768x914.jpg 768w, https:\/\/orgsoln.com\/wp-content\/uploads\/2022\/04\/226-NXPowerLite-Copy-1-10x12.jpg 10w, https:\/\/orgsoln.com\/wp-content\/uploads\/2022\/04\/226-NXPowerLite-Copy-1.jpg 1076w\" sizes=\"(max-width: 861px) 100vw, 861px\" \/>\t\t\t\t\t\t\t\t\t\t\t\t\t<\/div>\n\t\t\t\t<\/div>\n\t\t\t\t\t<\/div>\n\t\t<\/div>\n\t\t\t\t<div class=\"elementor-column elementor-col-50 elementor-inner-column elementor-element elementor-element-5ab896a\" data-id=\"5ab896a\" data-element_type=\"column\">\n\t\t\t<div class=\"elementor-widget-wrap elementor-element-populated\">\n\t\t\t\t\t\t<div class=\"elementor-element elementor-element-97656a9 elementor-widget elementor-widget-text-editor\" data-id=\"97656a9\" data-element_type=\"widget\" data-widget_type=\"text-editor.default\">\n\t\t\t\t<div class=\"elementor-widget-container\">\n\t\t\t\t\t\t\t<p>At Organizational Solutions Inc. the privacy and protection of personal information is of utmost importance to us and <b>strong<\/b>\u00a0<b>data security<\/b> is key to your privacy.\u00a0<\/p><p style=\"color: #0e101a; background: transparent; margin-top: 0pt; margin-bottom: 0pt;\"><span style=\"background: transparent; margin-top: 0pt; margin-bottom: 0pt;\" data-preserver-spaces=\"true\">We own our proprietary claims management system to manage the efficiency and efficacy of claims and manage to the highest levels of security and privacy.\u00a0<\/span><\/p><p style=\"color: #0e101a; background: transparent; margin-top: 0pt; margin-bottom: 0pt;\"><span style=\"background: transparent; margin-top: 0pt; margin-bottom: 0pt;\" data-preserver-spaces=\"true\">\u00a0<\/span><\/p><p style=\"color: #0e101a; background: transparent; margin-top: 0pt; margin-bottom: 0pt;\"><span style=\"background: transparent; margin-top: 0pt; margin-bottom: 0pt;\" data-preserver-spaces=\"true\">Our internal system is called\u00a0<\/span><strong style=\"background: transparent; margin-top: 0pt; margin-bottom: 0pt;\">OSIncAMP (Absence Management Platform)<\/strong><span style=\"background: transparent; margin-top: 0pt; margin-bottom: 0pt;\" data-preserver-spaces=\"true\">, and it is flexible and easy to use. OSI can customize the claims management environment and experience to align with the Client\u2019s<\/span><strong style=\"background: transparent; margin-top: 0pt; margin-bottom: 0pt;\">\u00a0<\/strong><span style=\"background: transparent; margin-top: 0pt; margin-bottom: 0pt;\" data-preserver-spaces=\"true\">requirements <\/span><em style=\"background: transparent; margin-top: 0pt; margin-bottom: 0pt;\">within system parameters.<\/em><\/p>\t\t\t\t\t\t<\/div>\n\t\t\t\t<\/div>\n\t\t\t\t\t<\/div>\n\t\t<\/div>\n\t\t\t\t\t<\/div>\n\t\t<\/section>\n\t\t\t\t\t<\/div>\n\t\t<\/div>\n\t\t\t\t\t<\/div>\n\t\t<\/section>\n\t\t\t\t<section class=\"elementor-section elementor-top-section elementor-element elementor-element-23beb87 elementor-section-boxed elementor-section-height-default elementor-section-height-default\" data-id=\"23beb87\" data-element_type=\"section\">\n\t\t\t\t\t\t<div class=\"elementor-container elementor-column-gap-default\">\n\t\t\t\t\t<div class=\"elementor-column elementor-col-100 elementor-top-column elementor-element elementor-element-0cb34dc\" data-id=\"0cb34dc\" data-element_type=\"column\">\n\t\t\t<div class=\"elementor-widget-wrap elementor-element-populated\">\n\t\t\t\t\t\t<div class=\"elementor-element elementor-element-def5cde elementor-widget elementor-widget-text-editor\" data-id=\"def5cde\" data-element_type=\"widget\" data-widget_type=\"text-editor.default\">\n\t\t\t\t<div class=\"elementor-widget-container\">\n\t\t\t\t\t\t\t<h3 style=\"padding-left: 0px;\">About our IT Team and Philosophy<\/h3>\n<p><em>Among our advantages are:<\/em><\/p>\n<ul>\n<li><strong>Tailored solutions. <\/strong>&nbsp;Our system has been designed to enable a solution tailored to <i>vos<\/i> needs.<\/li>\n<li><strong>Comprehensive and timely reports.<\/strong> Flexible and robust, our reporting system is tailored to your requirements.<\/li>\n<\/ul>\n<h3>&nbsp;<\/h3>\n<h3>How We Maintain Data Integrity<\/h3>\n<p>OSI protects data integrity (and therefore, confidentially) with next-generation firewalls; by monitoring and logging all computer activities with secure authentication technology and with tightly regulated access to our online portals.<\/p>\n<p>Our employees are restricted from being able to save information onto a local PC or any media device. OSI operates in a paperless environment, so we do not have vulnerable paper copies of any files.&nbsp; All records created, received, or maintained by employees during their tenure with us belong to OSI and are retained and disposed of according to our privacy policy. The penalty for theft, deliberate alteration, or destruction of records by any person in a manner not authorized constitutes a misdemeanour, punishable by law, which we strictly enforce.<\/p>\n<p>OSI\u2019s entire information infrastructure is stored on secure servers, wholly-owned and managed by OSI, located within high-security Tier-4 data centres within Canada. Aside from email, which is located within the Microsoft Office 365 environment within the Canadian jurisdiction, all other information is stored on equipment that is wholly-owned by OSI and is located in Canada.<\/p>\n<p>We have full control over the ability to adapt the claims management environment and experience for our clients, including any programming needed for employer-specific process requirements.<\/p>\n<p>During the implementation stages, we will ensure that all data captured, all reporting requirements and all business-specific processes are built into the system.<\/p>\n<h3>&nbsp;<\/h3>\n<h3>Managing Service Levels for Outages<\/h3>\n<p><span style=\"background-color: var(--nv-site-bg);\">All of OSI\u2019s systems are incrementally backed up during the day, and all servers are fully imaged regularly. A single professional services company manages on-site and off-site copies of backups under contract to OSI, and all backups are protected from all unauthorized access. The maximum amount of risk exposure to unexpected data loss at OSI is less than 12 hours and less than five business hours. OSI\u2019s physical infrastructure is intentionally designed to be under-utilized such that in the event of hardware failure, the remaining infrastructure remains more than capable of adopting and handling the load.&nbsp;<\/span><\/p>\n<h3><span data-preserver-spaces=\"true\">&nbsp;<\/span><\/h3>\n<h3><span data-preserver-spaces=\"true\">Privacy and the Demographic File Feed<\/span><\/h3>\n<p><span data-preserver-spaces=\"true\">OSInc AMP can match our client&#8217;s work environment, and we can pre-fill information if a demographic file is made available. This is meant to reduce administration time. For example, the system will automatically populate the other employee fields when just an employee surname or employee number is entered.<\/span><\/p>\n<p><span data-preserver-spaces=\"true\">The Demographic file contains basic employee information used to auto-fill claim forms during the claim submission process to OSI. The most common communication method for receiving demographic information from clients is via SFTP file transfer.<\/span><\/p>\n<p>The SFTP system can send\/receive claim files and\/or employee demographic files from clients. Each client has their own account, which is logically separated from all other clients&#8217; accounts within the file directory. Clients&#8217; accounts are set to upload only \u2013 clients cannot download or modify the uploaded file. Each account can only access the associated upload folder. Files received through the SFTP server possess a minimum of PGP encryption. OSI&#8217;s preference is for clients&#8217; connections to the SFTP server to be limited to coming in from a single known IP address and\/or use of SSH fingerprints.<\/p>\n<p><span data-preserver-spaces=\"true\">Upon receipt of a file from a client, the file is moved from the SFTP server, where the file is examined to ensure &#8220;it is what it is&#8221; and scanned for viruses and malware before being placed into a backup location. The file is subjected to various verification processes before being processed, during which OSI&#8217;s system consumes the file. Consumption includes updating and archiving employees as applicable within the client&#8217;s demographic database, and success\/fail notifications.<\/span><\/p>\n<p><span data-preserver-spaces=\"true\">Access to the demographic file is strictly limited to search only (for clients&#8217; use), by authorized and permissions OSI user accounts and\/or authorized and permissioned clients&#8217; accounts (via the portal).&nbsp;<\/span><\/p>\n<h3>&nbsp;<\/h3>\n<h3>Transferring\/Receiving Data to\/from External Suppliers<\/h3>\n<div><span style=\"color: var( --e-global-color-text ); background-color: var(--nv-site-bg);\">Any flat files received from external suppliers are reviewed and mapped to OSI\u2019s existing claims management system in preparation for import.&nbsp;<\/span><span style=\"color: var( --e-global-color-text ); background-color: var(--nv-site-bg);\">Our proprietary systems are designed to securely send and receive data to and from external suppliers, with caveats in mind. OSI\u2019s data transmission protocols are based upon the customer\u2019s security requirements \u2013 providing they meet OSI\u2019s strict adherence to FIPPA, PHIPA and PIPEDA.&nbsp;<\/span><span style=\"background-color: var(--nv-site-bg); color: var( --e-global-color-text );\">Reports and information files containing no confidential information may be transmitted via regular email or basic file transfer. However, OSI supports and promotes secure transmission (such as secure email, sftp or custom built API transmission), as well as document password protection and document encryption.&nbsp;<\/span><\/div>\n<h3>&nbsp;<\/h3>\n<h3>Secure Authentication Technology<\/h3>\n<p>All modifications to client data are fully audited and logged for traceability purposes.<\/p>\n<p>OSI maintains, enforces and monitors strict access-to-information and security policies for all staff. Staff have restricted access to information by only one of two methods: in-office access or a 2-Stage Authenticated Secure SSL VPN (Secure Sockets Layer Virtual Private Network).<\/p>\n<p>This is the gold standard in end-to-end encryption and strictly protects data transmitted between all devices. This is modified, at a minimum, every two years. It can be set up and tailored to each user. For example, if a supervisor wants to see claims in their department, that ask would filter on the login to show only the information in their department; likewise, if an employee needed to log on and view their claim status.<\/p>\n<h3>&nbsp;<\/h3>\n<h3>Access to the OSInc AMP portal is tightly regulated and monitored<\/h3>\n<p>OSI maintains, enforces and monitors strict access-to-information and security policies for clients and their employees. Access to information is tightly restricted to only information applicable to the individual client\/customer and only accessible via a secure HTTPS portal (AMP), for which each customer has their own unique login and password.<\/p>\n<p>OSI provides secure internet-based feedback to employees and employers during all stages of the claim process. Secure internet-based information is available to clients and their employees via the AMP Portal.<\/p>\t\t\t\t\t\t<\/div>\n\t\t\t\t<\/div>\n\t\t\t\t\t<\/div>\n\t\t<\/div>\n\t\t\t\t\t<\/div>\n\t\t<\/section>\n\t\t\t\t<\/div>","protected":false},"excerpt":{"rendered":"<p>[hfe_template id=&#8217;7372&#8242;] Data Security Policies \u00a0 \u00a0 \u00a0 At Organizational Solutions Inc. the privacy and protection of personal information is of utmost importance to us and strong\u00a0data security is key to your privacy.\u00a0 We own our proprietary claims management system to manage the efficiency and efficacy of claims and manage to the highest levels of&hellip;&nbsp;<a href=\"https:\/\/orgsoln.com\/fr\/data-security\/\" class=\"\" rel=\"bookmark\">Lire la suite &raquo;<span class=\"screen-reader-text\">Politiques de s\u00e9curit\u00e9 des donn\u00e9es<\/span><\/a><\/p>","protected":false},"author":1,"featured_media":0,"parent":0,"menu_order":0,"comment_status":"closed","ping_status":"closed","template":"page-templates\/template-pagebuilder-full-width.php","meta":{"_monsterinsights_skip_tracking":false,"_monsterinsights_sitenote_active":false,"_monsterinsights_sitenote_note":"","_monsterinsights_sitenote_category":0,"neve_meta_sidebar":"full-width","neve_meta_container":"","neve_meta_enable_content_width":"on","neve_meta_content_width":100,"neve_meta_title_alignment":"","neve_meta_author_avatar":"","neve_post_elements_order":"","neve_meta_disable_header":"","neve_meta_disable_footer":"","neve_meta_disable_title":"","footnotes":""},"class_list":["post-8251","page","type-page","status-publish","hentry"],"jetpack_sharing_enabled":true,"_links":{"self":[{"href":"https:\/\/orgsoln.com\/fr\/wp-json\/wp\/v2\/pages\/8251","targetHints":{"allow":["GET"]}}],"collection":[{"href":"https:\/\/orgsoln.com\/fr\/wp-json\/wp\/v2\/pages"}],"about":[{"href":"https:\/\/orgsoln.com\/fr\/wp-json\/wp\/v2\/types\/page"}],"author":[{"embeddable":true,"href":"https:\/\/orgsoln.com\/fr\/wp-json\/wp\/v2\/users\/1"}],"replies":[{"embeddable":true,"href":"https:\/\/orgsoln.com\/fr\/wp-json\/wp\/v2\/comments?post=8251"}],"version-history":[{"count":0,"href":"https:\/\/orgsoln.com\/fr\/wp-json\/wp\/v2\/pages\/8251\/revisions"}],"wp:attachment":[{"href":"https:\/\/orgsoln.com\/fr\/wp-json\/wp\/v2\/media?parent=8251"}],"curies":[{"name":"wp","href":"https:\/\/api.w.org\/{rel}","templated":true}]}}